{"id":955,"date":"2023-11-12T12:32:21","date_gmt":"2023-11-12T12:32:21","guid":{"rendered":"https:\/\/bisi.website\/goergen\/?page_id=955"},"modified":"2025-02-13T15:35:46","modified_gmt":"2025-02-13T15:35:46","slug":"a-propos-de-gonzalo-lopes","status":"publish","type":"page","link":"https:\/\/bisi.website\/goergen\/a-propos-de-gonzalo-lopes\/","title":{"rendered":"Chiara Arneodo"},"content":{"rendered":"\n<p>N\u00e9e en France en 2002, et ayant \u00e9tudi\u00e9 \u00e0 la LUNEX University (Differdange, Luxembourg), Chiara ARNEODO dipl\u00f4m\u00e9e depuis l\u2019\u00e9t\u00e9 2024, d\u00e9bute sa vie professionnelle de kin\u00e9sith\u00e9rapeute.<\/p>\n\n\n\n<p>Elle a pu explorer durant son cursus les divers horizons de la kin\u00e9sith\u00e9rapie \u00e0 travers la prise en charge de patients de tous \u00e2ges et en abordant tous les domaines couverts par ce m\u00e9tier, que cela soit durant ses stages ou son parcours universitaire.<\/p>\n\n\n\n<p>Pendant ses 5 ann\u00e9es d\u2019\u00e9tudes, elle a effectu\u00e9 ses stages dans diff\u00e9rentes structures, villes mais aussi pays, allant de Marseille (France) en h\u00f4pital cardiologique \u00e0 Toulouse (France) dans diverses cliniques, en passant par Mbour (S\u00e9n\u00e9gal) pour un stage humanitaire en 2022.<\/p>\n\n\n\n<p>En d\u00e9cembre 2024, elle d\u00e9bute son activit\u00e9 professionnelle dans le cabinet priv\u00e9 de kin\u00e9sith\u00e9rapie de M. Yan Goergen, dans le quartier de la gare \u00e0 Luxembourg-Ville (rue d\u2019Anvers). Elle porte un int\u00e9r\u00eat particulier la th\u00e9rapie manuelle et l\u2019analyse posturale et projette d\u2019approfondir ses connaissances et sa pratique dans ces domaines ainsi que dans la r\u00e9\u00e9ducation de l\u2019articulation temporo-mandibulaire pour contribuer \u00e0 son \u00e9panouissement professionnel et au d\u00e9veloppement de son panel de connaissances.<\/p>\n","protected":false},"excerpt":{"rendered":"<p>N\u00e9e en France en 2002, et ayant \u00e9tudi\u00e9 \u00e0 la LUNEX University (Differdange, Luxembourg), Chiara ARNEODO dipl\u00f4m\u00e9e depuis l\u2019\u00e9t\u00e9 2024, d\u00e9bute sa vie professionnelle de kin\u00e9sith\u00e9rapeute. Elle a pu explorer durant son cursus les divers horizons de la kin\u00e9sith\u00e9rapie \u00e0 travers la prise en charge de patients de tous \u00e2ges et en abordant tous les [&hellip;]<\/p>\n","protected":false},"author":1,"featured_media":1102,"parent":0,"menu_order":0,"comment_status":"closed","ping_status":"closed","template":"","meta":{"_et_pb_use_builder":"","_et_pb_old_content":"","_et_gb_content_width":"","footnotes":""},"class_list":["post-955","page","type-page","status-publish","has-post-thumbnail","hentry"],"_links":{"self":[{"href":"https:\/\/bisi.website\/goergen\/wp-json\/wp\/v2\/pages\/955","targetHints":{"allow":["GET"]}}],"collection":[{"href":"https:\/\/bisi.website\/goergen\/wp-json\/wp\/v2\/pages"}],"about":[{"href":"https:\/\/bisi.website\/goergen\/wp-json\/wp\/v2\/types\/page"}],"author":[{"embeddable":true,"href":"https:\/\/bisi.website\/goergen\/wp-json\/wp\/v2\/users\/1"}],"replies":[{"embeddable":true,"href":"https:\/\/bisi.website\/goergen\/wp-json\/wp\/v2\/comments?post=955"}],"version-history":[{"count":23,"href":"https:\/\/bisi.website\/goergen\/wp-json\/wp\/v2\/pages\/955\/revisions"}],"predecessor-version":[{"id":1103,"href":"https:\/\/bisi.website\/goergen\/wp-json\/wp\/v2\/pages\/955\/revisions\/1103"}],"wp:featuredmedia":[{"embeddable":true,"href":"https:\/\/bisi.website\/goergen\/wp-json\/wp\/v2\/media\/1102"}],"wp:attachment":[{"href":"https:\/\/bisi.website\/goergen\/wp-json\/wp\/v2\/media?parent=955"}],"curies":[{"name":"wp","href":"https:\/\/api.w.org\/{rel}","templated":true}]}}