{"id":884,"date":"2023-11-11T11:45:00","date_gmt":"2023-11-11T11:45:00","guid":{"rendered":"https:\/\/bisi.website\/goergen\/?page_id=884"},"modified":"2025-02-13T15:34:35","modified_gmt":"2025-02-13T15:34:35","slug":"a-propos-de-yan-goergen","status":"publish","type":"page","link":"https:\/\/bisi.website\/goergen\/a-propos-de-yan-goergen\/","title":{"rendered":"Yan Goergen"},"content":{"rendered":"\n<p>N\u00e9 au Luxembourg et ayant \u00e9tudi\u00e9 \u00e0 l\u2019H.E.L.B \u2013 Kin\u00e9sith\u00e9rapie (Bruxelles), \u00e0 la Belgian School of Osteopathy (Bruxelles), \u00e0 l\u2019ADOK (Cologne), Yan Goergen exerce sa profession de kin\u00e9sith\u00e9rapeute au Luxembourg depuis plus de vingt ans.<\/p>\n\n\n\n<p>Il a travaill\u00e9 pendant 9 ans dans un centre de r\u00e9\u00e9ducation du dos en collaboration avec le Kieser Training, en renforcement musculaire th\u00e9rapeutique (Medizinische Kr\u00e4ftigungstherapie) et renforcement musculaire isocin\u00e9tique (Biodex), notamment avec des sportifs de haut niveau.<\/p>\n\n\n\n<p>En 2003, il a exerc\u00e9 son m\u00e9tier comme kin\u00e9sith\u00e9rapeute volontaire au Bijilo Medical Center, pr\u00e8s de Serekunda, en Gambie (Afrique de l\u2019Ouest), dans le cadre d\u2019un projet humanitaire.<\/p>\n\n\n\n<p>Depuis 2009, il exerce la kin\u00e9sith\u00e9rapie dans son cabinet priv\u00e9, dans le quartier de Luxembourg-Gare (dans la rue d\u2019Anvers, et anciennement dans la rue Glesener). Plus sp\u00e9cialis\u00e9 dans les affections du dos et de la colonne vert\u00e9brale, la r\u00e9\u00e9ducation des articulations, et la kin\u00e9 du sport, il a aussi des sp\u00e9cialisations comme les techniques des Trigger Points, de Cyriax, la Fibrolyse Myofasciale instrumentale (\u00ab&nbsp;Crochetage&nbsp;\u00bb), le Drainage Lymphatique Manuel, la r\u00e9\u00e9ducation dans le cadre de la maladie de Parkinson, la r\u00e9\u00e9ducations des vertiges paroxystiques b\u00e9nins.<\/p>\n\n\n\n<p>Yan Goergen vous accueille en fran\u00e7ais, en luxembourgeois, en anglais, en allemand, en portugais et en espagnol.<\/p>\n","protected":false},"excerpt":{"rendered":"<p>N\u00e9 au Luxembourg et ayant \u00e9tudi\u00e9 \u00e0 l\u2019H.E.L.B \u2013 Kin\u00e9sith\u00e9rapie (Bruxelles), \u00e0 la Belgian School of Osteopathy (Bruxelles), \u00e0 l\u2019ADOK (Cologne), Yan Goergen exerce sa profession de kin\u00e9sith\u00e9rapeute au Luxembourg depuis plus de vingt ans. Il a travaill\u00e9 pendant 9 ans dans un centre de r\u00e9\u00e9ducation du dos en collaboration avec le Kieser Training, en [&hellip;]<\/p>\n","protected":false},"author":1,"featured_media":1100,"parent":0,"menu_order":0,"comment_status":"closed","ping_status":"closed","template":"","meta":{"_et_pb_use_builder":"","_et_pb_old_content":"","_et_gb_content_width":"","footnotes":""},"class_list":["post-884","page","type-page","status-publish","has-post-thumbnail","hentry"],"_links":{"self":[{"href":"https:\/\/bisi.website\/goergen\/wp-json\/wp\/v2\/pages\/884","targetHints":{"allow":["GET"]}}],"collection":[{"href":"https:\/\/bisi.website\/goergen\/wp-json\/wp\/v2\/pages"}],"about":[{"href":"https:\/\/bisi.website\/goergen\/wp-json\/wp\/v2\/types\/page"}],"author":[{"embeddable":true,"href":"https:\/\/bisi.website\/goergen\/wp-json\/wp\/v2\/users\/1"}],"replies":[{"embeddable":true,"href":"https:\/\/bisi.website\/goergen\/wp-json\/wp\/v2\/comments?post=884"}],"version-history":[{"count":5,"href":"https:\/\/bisi.website\/goergen\/wp-json\/wp\/v2\/pages\/884\/revisions"}],"predecessor-version":[{"id":1101,"href":"https:\/\/bisi.website\/goergen\/wp-json\/wp\/v2\/pages\/884\/revisions\/1101"}],"wp:featuredmedia":[{"embeddable":true,"href":"https:\/\/bisi.website\/goergen\/wp-json\/wp\/v2\/media\/1100"}],"wp:attachment":[{"href":"https:\/\/bisi.website\/goergen\/wp-json\/wp\/v2\/media?parent=884"}],"curies":[{"name":"wp","href":"https:\/\/api.w.org\/{rel}","templated":true}]}}