{"id":4,"date":"2016-01-23T13:19:41","date_gmt":"2016-01-23T13:19:41","guid":{"rendered":"http:\/\/yangoergen.bisi.lu\/?page_id=4"},"modified":"2025-02-13T15:37:08","modified_gmt":"2025-02-13T15:37:08","slug":"categories-et-techniques-behandlungsarten-und-techniken","status":"publish","type":"page","link":"https:\/\/bisi.website\/goergen\/start\/categories-et-techniques-behandlungsarten-und-techniken\/","title":{"rendered":"Techniques"},"content":{"rendered":"\n<p>Massage<\/p>\n\n\n\n<p>R\u00e9\u00e9ducation du dos et des articulations<\/p>\n\n\n\n<p>Kin\u00e9 du sport<\/p>\n\n\n\n<p>Ost\u00e9opathie<\/p>\n\n\n\n<p>Kin\u00e9 orthop\u00e9dique pour enfants et jeunes<\/p>\n\n\n\n<p>Drainage lymphatique manuel<\/p>\n\n\n\n<p>R\u00e9\u00e9ducation des scolioses<\/p>\n\n\n\n<p>Parkinson<\/p>\n\n\n\n<p>Crochetage<\/p>\n\n\n\n<p>Th\u00e9rapie des&nbsp;Trigger points<\/p>\n\n\n\n<p>R\u00e9\u00e9ducation p\u00e9rin\u00e9ale<\/p>\n\n\n\n<p>R\u00e9\u00e9ducation par th\u00e9rapie manuelle<\/p>\n\n\n\n<p>Renforcement musculaire<\/p>\n\n\n\n<p>Cryoth\u00e9rapie<\/p>\n\n\n\n<p>Cyriax<\/p>\n\n\n\n<p>Gymnastique pour seniors<\/p>\n\n\n\n<p>Kin\u00e9sith\u00e9rapie respiratoire \/ clapping (pour b\u00e9b\u00e9s et jeunes enfants)<\/p>\n","protected":false},"excerpt":{"rendered":"<p>Massage R\u00e9\u00e9ducation du dos et des articulations Kin\u00e9 du sport Ost\u00e9opathie Kin\u00e9 orthop\u00e9dique pour enfants et jeunes Drainage lymphatique manuel R\u00e9\u00e9ducation des scolioses Parkinson Crochetage Th\u00e9rapie des&nbsp;Trigger points R\u00e9\u00e9ducation p\u00e9rin\u00e9ale R\u00e9\u00e9ducation par th\u00e9rapie manuelle Renforcement musculaire Cryoth\u00e9rapie Cyriax Gymnastique pour seniors Kin\u00e9sith\u00e9rapie respiratoire \/ clapping (pour b\u00e9b\u00e9s et jeunes enfants)<\/p>\n","protected":false},"author":12,"featured_media":0,"parent":386,"menu_order":0,"comment_status":"closed","ping_status":"closed","template":"","meta":{"_et_pb_use_builder":"off","_et_pb_old_content":"Massage\r\n\r\nR\u00e9\u00e9ducation du dos et des articulations\r\n\r\nKin\u00e9 du sport\r\n\r\nOst\u00e9opathie\r\n\r\nKin\u00e9 orthop\u00e9dique pour enfants et jeunes\r\n\r\nDrainage lymphatique manuel\r\n\r\nR\u00e9\u00e9ducation des scolioses\r\n\r\nParkinson\r\n\r\nCrochetage\r\n\r\nTh\u00e9rapie des\u00a0Trigger points\r\n\r\nR\u00e9\u00e9ducation p\u00e9rin\u00e9ale\r\n\r\nR\u00e9\u00e9ducation par th\u00e9rapie manuelle\r\n\r\nRenforcement musculaire\r\n\r\nCryoth\u00e9rapie\r\n\r\nCyriax\r\n\r\nGymnastique pour seniors\r\n\r\nKin\u00e9sith\u00e9rapie respiratoire \/ clapping (pour b\u00e9b\u00e9s et jeunes enfants)","_et_gb_content_width":"","footnotes":""},"class_list":["post-4","page","type-page","status-publish","hentry"],"_links":{"self":[{"href":"https:\/\/bisi.website\/goergen\/wp-json\/wp\/v2\/pages\/4","targetHints":{"allow":["GET"]}}],"collection":[{"href":"https:\/\/bisi.website\/goergen\/wp-json\/wp\/v2\/pages"}],"about":[{"href":"https:\/\/bisi.website\/goergen\/wp-json\/wp\/v2\/types\/page"}],"author":[{"embeddable":true,"href":"https:\/\/bisi.website\/goergen\/wp-json\/wp\/v2\/users\/12"}],"replies":[{"embeddable":true,"href":"https:\/\/bisi.website\/goergen\/wp-json\/wp\/v2\/comments?post=4"}],"version-history":[{"count":20,"href":"https:\/\/bisi.website\/goergen\/wp-json\/wp\/v2\/pages\/4\/revisions"}],"predecessor-version":[{"id":1104,"href":"https:\/\/bisi.website\/goergen\/wp-json\/wp\/v2\/pages\/4\/revisions\/1104"}],"up":[{"embeddable":true,"href":"https:\/\/bisi.website\/goergen\/wp-json\/wp\/v2\/pages\/386"}],"wp:attachment":[{"href":"https:\/\/bisi.website\/goergen\/wp-json\/wp\/v2\/media?parent=4"}],"curies":[{"name":"wp","href":"https:\/\/api.w.org\/{rel}","templated":true}]}}